{"id":281236,"date":"2025-05-05T22:23:13","date_gmt":"2025-05-05T20:23:13","guid":{"rendered":"https:\/\/westerncamp.pl\/mapa-resortu\/"},"modified":"2025-11-20T10:30:20","modified_gmt":"2025-11-20T09:30:20","slug":"mapa-resortu","status":"publish","type":"page","link":"https:\/\/westerncamp.pl\/cs\/mapa-resortu\/","title":{"rendered":"Mapa resortu"},"content":{"rendered":"<p>[et_pb_section fb_built=&#8220;1&#8243; fullwidth=&#8220;on&#8220; _builder_version=&#8220;4.27.4&#8243; _module_preset=&#8220;default&#8220; global_colors_info=&#8220;{}&#8220;][et_pb_fullwidth_header title=&#8220;Poznej Western Camp&#8220; header_fullscreen=&#8220;on&#8220; _builder_version=&#8220;4.27.4&#8243; _module_preset=&#8220;default&#8220; title_font=&#8220;Sancreek||||||||&#8220; title_text_color=&#8220;#2c0d00&#8243; title_font_size=&#8220;56px&#8220; content_font=&#8220;Anonymous Pro||||||||&#8220; content_text_color=&#8220;#2c0d00&#8243; content_font_size=&#8220;24px&#8220; background_enable_color=&#8220;off&#8220; background_image=&#8220;https:\/\/westerncamp.pl\/wp-content\/uploads\/2025\/05\/Clip-path-group.png&#8220; custom_margin=&#8220;||||false|false&#8220; global_colors_info=&#8220;{}&#8220;]<\/p>\n<p>Jedin\u00e9 takov\u00e9 m\u00edsto v cel\u00e9m Polsku!<\/p>\n<p>[\/et_pb_fullwidth_header][\/et_pb_section][et_pb_section fb_built=&#8220;1&#8243; custom_padding_last_edited=&#8220;on|desktop&#8220; _builder_version=&#8220;4.27.4&#8243; _module_preset=&#8220;default&#8220; background_enable_color=&#8220;off&#8220; custom_padding=&#8220;0px||0px||false|false&#8220; custom_padding_tablet=&#8220;0px||0px||false|false&#8220; custom_padding_phone=&#8220;0px||0px||false|false&#8220; global_colors_info=&#8220;{}&#8220;][et_pb_row use_custom_gutter=&#8220;on&#8220; gutter_width=&#8220;1&#8243; _builder_version=&#8220;4.27.4&#8243; _module_preset=&#8220;default&#8220; width=&#8220;90%&#8220; max_width=&#8220;1920px&#8220; custom_padding=&#8220;39px||||false|false&#8220; custom_css_main_element=&#8220;display:flex;||flex-wrap:wrap;&#8220; global_colors_info=&#8220;{}&#8220; custom_css_main_element_last_edited=&#8220;on|tablet&#8220; custom_css_main_element_tablet=&#8220;display: flex; ||flex-wrap: wrap; &#8220; custom_css_main_element_phone=&#8220;display: flex; ||flex-wrap: wrap; &#8222;][et_pb_column type=&#8220;4_4&#8243; _builder_version=&#8220;4.27.4&#8243; _module_preset=&#8220;default&#8220; global_colors_info=&#8220;{}&#8220; custom_css_main_element_last_edited=&#8220;on|phone&#8220; custom_css_main_element_phone=&#8220;order:2;&#8220; custom_css_main_element_tablet=&#8220;order:2;&#8220;][et_pb_text _builder_version=&#8220;4.27.4&#8243; _module_preset=&#8220;default&#8220; header_2_font=&#8220;Sancreek||||||||&#8220; header_2_font_size=&#8220;48px&#8220; header_3_font=&#8220;Sancreek||||||||&#8220; header_3_font_size=&#8220;40px&#8220; text_orientation=&#8220;center&#8220; width=&#8220;94%&#8220; module_alignment=&#8220;center&#8220; custom_margin=&#8220;||5px|||&#8220; global_colors_info=&#8220;{}&#8220;]<\/p>\n<h2><span data-metadata=\"&lt;!--(figmeta)eyJmaWxlS2V5IjoialVHOVNrSFBKZ1FHc0ZyMjBrQ0QwdCIsInBhc3RlSUQiOjUxNDY5MDA5OCwiZGF0YVR5cGUiOiJzY2VuZSJ9Cg==(\/figmeta)--&gt;\"><\/span>Zjisti, jak\u00e9 atrakce na tebe \u010dekaj\u00ed!<\/h2>\n<p>[\/et_pb_text][et_pb_button button_url=&#8220;https:\/\/westerncamp.pl\/wp-content\/uploads\/2025\/11\/mapka_en.webp&#8220; button_text=&#8220;St\u00e1hnout mapu&#8220; button_alignment=&#8220;center&#8220; _builder_version=&#8220;4.27.4&#8243; _module_preset=&#8220;default&#8220; custom_button=&#8220;on&#8220; button_text_size=&#8220;20px&#8220; button_text_color=&#8220;#c23800&#8243; button_border_width=&#8220;3px&#8220; button_border_radius=&#8220;25px&#8220; button_font=&#8220;Anonymous Pro||||||||&#8220; button_icon=&#8220;&#xf358;||fa||400&#8243; custom_margin=&#8220;||25px||false|false&#8220; custom_padding=&#8220;||||false|false&#8220; hover_enabled=&#8220;0&#8243; global_colors_info=&#8220;{}&#8220; button_bg_color__hover_enabled=&#8220;on|desktop&#8220; sticky_enabled=&#8220;0&#8243;][\/et_pb_button][et_pb_image src=&#8220;https:\/\/westerncamp.pl\/wp-content\/uploads\/2025\/11\/mapka_en.webp&#8220; title_text=&#8220;mapka_en&#8220; url=&#8220;https:\/\/westerncamp.pl\/wp-content\/uploads\/2025\/11\/mapka_en.webp&#8220; _builder_version=&#8220;4.27.4&#8243; _module_preset=&#8220;default&#8220; width=&#8220;85%&#8220; module_alignment=&#8220;center&#8220; border_radii=&#8220;on|25px|25px|25px|25px&#8220; global_colors_info=&#8220;{}&#8220;][\/et_pb_image][\/et_pb_column][\/et_pb_row][\/et_pb_section][et_pb_section fb_built=&#8220;1&#8243; _builder_version=&#8220;4.27.4&#8243; _module_preset=&#8220;default&#8220; global_colors_info=&#8220;{}&#8220;][et_pb_row column_structure=&#8220;1_2,1_2&#8243; _builder_version=&#8220;4.27.4&#8243; _module_preset=&#8220;default&#8220; width=&#8220;90%&#8220; max_width=&#8220;1920px&#8220; global_colors_info=&#8220;{}&#8220;][et_pb_column type=&#8220;1_2&#8243; _builder_version=&#8220;4.27.4&#8243; _module_preset=&#8220;default&#8220; global_colors_info=&#8220;{}&#8220;][et_pb_text _builder_version=&#8220;4.27.4&#8243; _module_preset=&#8220;default&#8220; header_3_font=&#8220;Sancreek||||||||&#8220; header_3_font_size=&#8220;40px&#8220; global_colors_info=&#8220;{}&#8220;]<\/p>\n<h3 style=\"text-align: center;\">Doprava<\/h3>\n<p>[\/et_pb_text][et_pb_text _builder_version=&#8220;4.27.4&#8243; _module_preset=&#8220;default&#8220; text_font=&#8220;Anonymous Pro|700|||||||&#8220; text_font_size=&#8220;17px&#8220; text_line_height=&#8220;0.5em&#8220; custom_css_free_form=&#8220;.dojazd-blok {||  display: flex;||  justify-content: space-between;||  align-items: center;||  gap: 20px;||  flex-wrap: wrap;||}||||.adres p {||  font-family: monospace;||  color: #3e1e00;||  margin: 0;||  font-size: 16px;||}||||.btn-dojazd {||  background-color: #f24e1e;||  color: white;||  padding: 10px 20px;||  text-decoration: none;||  border-radius: 25px;||  font-weight: bold;||  font-size: 14px;||  transition: background-color 0.3s ease;||}||||.btn-dojazd:hover {||  background-color: #c53c12;||}||.dojazd-wiersz {||  display: flex;||  justify-content: space-between;||  align-items: center;||  flex-wrap: wrap;||  gap: 20px;||}&#8220; global_colors_info=&#8220;{}&#8220;]<\/p>\n<p><span style=\"color: #2c0d00;\">Western Camp Resort<\/span><\/p>\n<p><span style=\"color: #2c0d00;\">ul. O\u015bwi\u0119cimska 35 <\/span><\/p>\n<p><span style=\"color: #2c0d00;\">32-640 Zator<\/span><\/p>\n<div class=\"dojazd-wiersz\">\n<div class=\"przycisk\"><\/div>\n<div class=\"przycisk\"><a href=\"https:\/\/maps.app.goo.gl\/3qitmsuc9jcoFGmo9\" class=\"btn-dojazd\" target=\"_blank\" rel=\"noopener\">Zkontroluj dopravu \u2192<\/a><\/div>\n<\/div>\n<p>[\/et_pb_text][et_pb_code _builder_version=&#8220;4.27.4&#8243; _module_preset=&#8220;default&#8220; custom_margin=&#8220;||||false|false&#8220; custom_padding=&#8220;||||false|false&#8220; border_radii=&#8220;on|20px|20px|20px|20px&#8220; global_colors_info=&#8220;{}&#8220;]<iframe src=\"https:\/\/www.google.com\/maps\/embed?pb=!1m18!1m12!1m3!1d2564.783954963247!2d19.425715776808264!3d49.99665981993358!2m3!1f0!2f0!3f0!3m2!1i1024!2i768!4f13.1!3m3!1m2!1s0x47168d7f0f1b4fb5%3A0x8be1037b35a230af!2sWestern%20Camp%20Resort!5e0!3m2!1spl!2spl!4v1743284486870!5m2!1spl!2spl\" width=\"100%\" height=\"250\" style=\"border:0;\" allowfullscreen=\"\" loading=\"lazy\" referrerpolicy=\"no-referrer-when-downgrade\"><\/iframe>[\/et_pb_code][\/et_pb_column][et_pb_column type=&#8220;1_2&#8243; _builder_version=&#8220;4.27.4&#8243; _module_preset=&#8220;default&#8220; global_colors_info=&#8220;{}&#8220;][et_pb_text _builder_version=&#8220;4.27.4&#8243; _module_preset=&#8220;default&#8220; text_font=&#8220;Sancreek||||||||&#8220; header_2_font=&#8220;Sancreek||||||||&#8220; header_2_font_size=&#8220;45px&#8220; custom_padding=&#8220;124px|||||&#8220; global_colors_info=&#8220;{}&#8220;]<\/p>\n<div style=\"display: flex; align-items: center; gap: 16px; width: 400px; margin: 0 auto;\">\n<p><img decoding=\"async\" src=\"https:\/\/westerncamp.pl\/wp-content\/uploads\/2025\/03\/Group-4.png\" alt=\"Kaktus\" style=\"height: 100px; display: block; margin-left: auto; margin-right: auto;\"><\/p>\n<h2 style=\"text-align: center;\">NEWSLETTER<\/h2>\n<\/div>\n<p>[\/et_pb_text][et_pb_code _builder_version=&#8220;4.27.4&#8243; _module_preset=&#8220;default&#8220; custom_css_free_form=&#8220;label, button {||  font-family: &#8218;Anonymous Pro&#8216;, Helvetica, Arial, Lucida, sans-serif;||}||||label {||  font-size: 16px;||  color:#2C0D00;||}||.required {|| line-height: 1.1em;||}||input {||  font-size: 14px;||  font-weight: 400;||  height: 30px;||  width: 40%;||  border-radius: 25px;||  background-color:#FFCDB8;||}||||button {||  background-color: #EB4603;||  border: none;||  color: #fff;||  border-radius:25px;||  letter-spacing: 1px;||  font-size: 16px;||  font-weight: 400;||  padding: 8px 25px;||  display: inline-block;||  margin-left: 3vw;||}||&#8220; global_colors_info=&#8220;{}&#8220;]<\/p>\n<form action=\"https:\/\/ru.msndr.net\/subscriptions\/58316705542e730271cb3b90de32e51f\/form\" charset=\"UTF-8\" method=\"post\"><!-- [et_pb_line_break_holder] --><input type=\"text\" name=\"recipient[email]\" id=\"recipient_email\" value=\"\" required=\"required\" class=\"form-control\"><!-- [et_pb_line_break_holder] --><button type=\"submit\">P\u0159ihlas se<\/button><!-- [et_pb_line_break_holder] --><\/form>\n<p><!-- [et_pb_line_break_holder] --><label class=\"required\" for=\"email\">P\u0159ipoj se k na\u0161emu newsletteru a zjisti jako prvn\u00ed o nejnov\u011bj\u0161\u00edch akc\u00edch, ud\u00e1lostech a nab\u00eddk\u00e1ch. Z\u00edskej 5% slevu na prvn\u00ed pobyt.  <\/label> [\/et_pb_code][\/et_pb_column][\/et_pb_row][\/et_pb_section]<\/p>\n","protected":false},"excerpt":{"rendered":"<p>Jedin\u00e9 takov\u00e9 m\u00edsto v cel\u00e9m Polsku!Zjisti, jak\u00e9 atrakce na tebe \u010dekaj\u00ed!DopravaWestern Camp Resort ul. O\u015bwi\u0119cimska 35 32-640 Zator Zkontroluj dopravu \u2192 NEWSLETTER<\/p>\n","protected":false},"author":1,"featured_media":0,"parent":0,"menu_order":0,"comment_status":"closed","ping_status":"closed","template":"","meta":{"_et_pb_use_builder":"on","_et_pb_old_content":"","_et_gb_content_width":"","footnotes":""},"difl_page_category":[],"class_list":["post-281236","page","type-page","status-publish","hentry"],"yoast_head":"<!-- This site is optimized with the Yoast SEO plugin v27.1.1 - https:\/\/yoast.com\/product\/yoast-seo-wordpress\/ -->\n<title>Mapa resortu - Western Camp Resort<\/title>\n<meta name=\"robots\" content=\"index, follow, max-snippet:-1, max-image-preview:large, max-video-preview:-1\" \/>\n<link rel=\"canonical\" href=\"https:\/\/westerncamp.pl\/cs\/mapa-resortu\/\" \/>\n<meta property=\"og:locale\" content=\"cs_CZ\" \/>\n<meta property=\"og:type\" content=\"article\" \/>\n<meta property=\"og:title\" content=\"Mapa resortu - Western Camp Resort\" \/>\n<meta property=\"og:description\" content=\"Jedin\u00e9 takov\u00e9 m\u00edsto v cel\u00e9m Polsku!Zjisti, jak\u00e9 atrakce na tebe \u010dekaj\u00ed!DopravaWestern Camp Resort ul. O\u015bwi\u0119cimska 35 32-640 Zator Zkontroluj dopravu \u2192 NEWSLETTER\" \/>\n<meta property=\"og:url\" content=\"https:\/\/westerncamp.pl\/cs\/mapa-resortu\/\" \/>\n<meta property=\"og:site_name\" content=\"Western Camp Resort\" \/>\n<meta property=\"article:publisher\" content=\"https:\/\/www.facebook.com\/westerncamp\" \/>\n<meta property=\"article:modified_time\" content=\"2025-11-20T09:30:20+00:00\" \/>\n<meta property=\"og:image\" content=\"https:\/\/westerncamp.pl\/wp-content\/uploads\/2025\/03\/Group-4.png\" \/>\n<meta name=\"twitter:card\" content=\"summary_large_image\" \/>\n<meta name=\"twitter:label1\" content=\"Odhadovan\u00e1 doba \u010dten\u00ed\" \/>\n\t<meta name=\"twitter:data1\" content=\"4 minuty\" \/>\n<script type=\"application\/ld+json\" class=\"yoast-schema-graph\">{\"@context\":\"https:\/\/schema.org\",\"@graph\":[{\"@type\":\"WebPage\",\"@id\":\"https:\/\/westerncamp.pl\/cs\/mapa-resortu\/\",\"url\":\"https:\/\/westerncamp.pl\/cs\/mapa-resortu\/\",\"name\":\"Mapa resortu - Western Camp Resort\",\"isPartOf\":{\"@id\":\"https:\/\/westerncamp.pl\/#website\"},\"primaryImageOfPage\":{\"@id\":\"https:\/\/westerncamp.pl\/cs\/mapa-resortu\/#primaryimage\"},\"image\":{\"@id\":\"https:\/\/westerncamp.pl\/cs\/mapa-resortu\/#primaryimage\"},\"thumbnailUrl\":\"https:\/\/westerncamp.pl\/wp-content\/uploads\/2025\/03\/Group-4.png\",\"datePublished\":\"2025-05-05T20:23:13+00:00\",\"dateModified\":\"2025-11-20T09:30:20+00:00\",\"breadcrumb\":{\"@id\":\"https:\/\/westerncamp.pl\/cs\/mapa-resortu\/#breadcrumb\"},\"inLanguage\":\"cs\",\"potentialAction\":[{\"@type\":\"ReadAction\",\"target\":[\"https:\/\/westerncamp.pl\/cs\/mapa-resortu\/\"]}]},{\"@type\":\"ImageObject\",\"inLanguage\":\"cs\",\"@id\":\"https:\/\/westerncamp.pl\/cs\/mapa-resortu\/#primaryimage\",\"url\":\"https:\/\/westerncamp.pl\/wp-content\/uploads\/2025\/03\/Group-4.png\",\"contentUrl\":\"https:\/\/westerncamp.pl\/wp-content\/uploads\/2025\/03\/Group-4.png\"},{\"@type\":\"BreadcrumbList\",\"@id\":\"https:\/\/westerncamp.pl\/cs\/mapa-resortu\/#breadcrumb\",\"itemListElement\":[{\"@type\":\"ListItem\",\"position\":1,\"name\":\"Home\",\"item\":\"https:\/\/westerncamp.pl\/cs\/\"},{\"@type\":\"ListItem\",\"position\":2,\"name\":\"Mapa resortu\"}]},{\"@type\":\"WebSite\",\"@id\":\"https:\/\/westerncamp.pl\/#website\",\"url\":\"https:\/\/westerncamp.pl\/\",\"name\":\"Western Camp Resort\",\"description\":\"Noclegi w wiosce z Dzikiego Zachodu - Park Rozrywki Energylandia\",\"publisher\":{\"@id\":\"https:\/\/westerncamp.pl\/#organization\"},\"potentialAction\":[{\"@type\":\"SearchAction\",\"target\":{\"@type\":\"EntryPoint\",\"urlTemplate\":\"https:\/\/westerncamp.pl\/?s={search_term_string}\"},\"query-input\":{\"@type\":\"PropertyValueSpecification\",\"valueRequired\":true,\"valueName\":\"search_term_string\"}}],\"inLanguage\":\"cs\"},{\"@type\":\"Organization\",\"@id\":\"https:\/\/westerncamp.pl\/#organization\",\"name\":\"Western Camp Resort\",\"url\":\"https:\/\/westerncamp.pl\/\",\"logo\":{\"@type\":\"ImageObject\",\"inLanguage\":\"cs\",\"@id\":\"https:\/\/westerncamp.pl\/#\/schema\/logo\/image\/\",\"url\":\"https:\/\/westerncamp.pl\/wp-content\/uploads\/2025\/10\/cropped-cropped-FV.png\",\"contentUrl\":\"https:\/\/westerncamp.pl\/wp-content\/uploads\/2025\/10\/cropped-cropped-FV.png\",\"width\":512,\"height\":512,\"caption\":\"Western Camp Resort\"},\"image\":{\"@id\":\"https:\/\/westerncamp.pl\/#\/schema\/logo\/image\/\"},\"sameAs\":[\"https:\/\/www.facebook.com\/westerncamp\",\"https:\/\/www.instagram.com\/western_camp_resort\/\"]}]}<\/script>\n<!-- \/ Yoast SEO plugin. -->","yoast_head_json":{"title":"Mapa resortu - Western Camp Resort","robots":{"index":"index","follow":"follow","max-snippet":"max-snippet:-1","max-image-preview":"max-image-preview:large","max-video-preview":"max-video-preview:-1"},"canonical":"https:\/\/westerncamp.pl\/cs\/mapa-resortu\/","og_locale":"cs_CZ","og_type":"article","og_title":"Mapa resortu - Western Camp Resort","og_description":"Jedin\u00e9 takov\u00e9 m\u00edsto v cel\u00e9m Polsku!Zjisti, jak\u00e9 atrakce na tebe \u010dekaj\u00ed!DopravaWestern Camp Resort ul. O\u015bwi\u0119cimska 35 32-640 Zator Zkontroluj dopravu \u2192 NEWSLETTER","og_url":"https:\/\/westerncamp.pl\/cs\/mapa-resortu\/","og_site_name":"Western Camp Resort","article_publisher":"https:\/\/www.facebook.com\/westerncamp","article_modified_time":"2025-11-20T09:30:20+00:00","og_image":[{"url":"https:\/\/westerncamp.pl\/wp-content\/uploads\/2025\/03\/Group-4.png","type":"","width":"","height":""}],"twitter_card":"summary_large_image","twitter_misc":{"Odhadovan\u00e1 doba \u010dten\u00ed":"4 minuty"},"schema":{"@context":"https:\/\/schema.org","@graph":[{"@type":"WebPage","@id":"https:\/\/westerncamp.pl\/cs\/mapa-resortu\/","url":"https:\/\/westerncamp.pl\/cs\/mapa-resortu\/","name":"Mapa resortu - Western Camp Resort","isPartOf":{"@id":"https:\/\/westerncamp.pl\/#website"},"primaryImageOfPage":{"@id":"https:\/\/westerncamp.pl\/cs\/mapa-resortu\/#primaryimage"},"image":{"@id":"https:\/\/westerncamp.pl\/cs\/mapa-resortu\/#primaryimage"},"thumbnailUrl":"https:\/\/westerncamp.pl\/wp-content\/uploads\/2025\/03\/Group-4.png","datePublished":"2025-05-05T20:23:13+00:00","dateModified":"2025-11-20T09:30:20+00:00","breadcrumb":{"@id":"https:\/\/westerncamp.pl\/cs\/mapa-resortu\/#breadcrumb"},"inLanguage":"cs","potentialAction":[{"@type":"ReadAction","target":["https:\/\/westerncamp.pl\/cs\/mapa-resortu\/"]}]},{"@type":"ImageObject","inLanguage":"cs","@id":"https:\/\/westerncamp.pl\/cs\/mapa-resortu\/#primaryimage","url":"https:\/\/westerncamp.pl\/wp-content\/uploads\/2025\/03\/Group-4.png","contentUrl":"https:\/\/westerncamp.pl\/wp-content\/uploads\/2025\/03\/Group-4.png"},{"@type":"BreadcrumbList","@id":"https:\/\/westerncamp.pl\/cs\/mapa-resortu\/#breadcrumb","itemListElement":[{"@type":"ListItem","position":1,"name":"Home","item":"https:\/\/westerncamp.pl\/cs\/"},{"@type":"ListItem","position":2,"name":"Mapa resortu"}]},{"@type":"WebSite","@id":"https:\/\/westerncamp.pl\/#website","url":"https:\/\/westerncamp.pl\/","name":"Western Camp Resort","description":"Noclegi w wiosce z Dzikiego Zachodu - Park Rozrywki Energylandia","publisher":{"@id":"https:\/\/westerncamp.pl\/#organization"},"potentialAction":[{"@type":"SearchAction","target":{"@type":"EntryPoint","urlTemplate":"https:\/\/westerncamp.pl\/?s={search_term_string}"},"query-input":{"@type":"PropertyValueSpecification","valueRequired":true,"valueName":"search_term_string"}}],"inLanguage":"cs"},{"@type":"Organization","@id":"https:\/\/westerncamp.pl\/#organization","name":"Western Camp Resort","url":"https:\/\/westerncamp.pl\/","logo":{"@type":"ImageObject","inLanguage":"cs","@id":"https:\/\/westerncamp.pl\/#\/schema\/logo\/image\/","url":"https:\/\/westerncamp.pl\/wp-content\/uploads\/2025\/10\/cropped-cropped-FV.png","contentUrl":"https:\/\/westerncamp.pl\/wp-content\/uploads\/2025\/10\/cropped-cropped-FV.png","width":512,"height":512,"caption":"Western Camp Resort"},"image":{"@id":"https:\/\/westerncamp.pl\/#\/schema\/logo\/image\/"},"sameAs":["https:\/\/www.facebook.com\/westerncamp","https:\/\/www.instagram.com\/western_camp_resort\/"]}]}},"_links":{"self":[{"href":"https:\/\/westerncamp.pl\/cs\/wp-json\/wp\/v2\/pages\/281236","targetHints":{"allow":["GET"]}}],"collection":[{"href":"https:\/\/westerncamp.pl\/cs\/wp-json\/wp\/v2\/pages"}],"about":[{"href":"https:\/\/westerncamp.pl\/cs\/wp-json\/wp\/v2\/types\/page"}],"author":[{"embeddable":true,"href":"https:\/\/westerncamp.pl\/cs\/wp-json\/wp\/v2\/users\/1"}],"replies":[{"embeddable":true,"href":"https:\/\/westerncamp.pl\/cs\/wp-json\/wp\/v2\/comments?post=281236"}],"version-history":[{"count":4,"href":"https:\/\/westerncamp.pl\/cs\/wp-json\/wp\/v2\/pages\/281236\/revisions"}],"predecessor-version":[{"id":285385,"href":"https:\/\/westerncamp.pl\/cs\/wp-json\/wp\/v2\/pages\/281236\/revisions\/285385"}],"wp:attachment":[{"href":"https:\/\/westerncamp.pl\/cs\/wp-json\/wp\/v2\/media?parent=281236"}],"wp:term":[{"taxonomy":"difl_page_category","embeddable":true,"href":"https:\/\/westerncamp.pl\/cs\/wp-json\/wp\/v2\/difl_page_category?post=281236"}],"curies":[{"name":"wp","href":"https:\/\/api.w.org\/{rel}","templated":true}]}}